{"id":4199,"date":"2023-10-13T12:17:38","date_gmt":"2023-10-13T10:17:38","guid":{"rendered":"https:\/\/deseic.com\/coixins\/"},"modified":"2023-11-22T18:32:35","modified_gmt":"2023-11-22T16:32:35","slug":"cojines","status":"publish","type":"page","link":"https:\/\/deseic.com\/es\/cojines\/","title":{"rendered":"Cojines"},"content":{"rendered":"\n<div class=\"wp-block-deseic-franja-color mod_franja_simple bg_color alt-complert centra_vertical\"><div class=\"wrapper\"><div class=\"maq-contenidor\">\n<p class=\"is-style-deseic-titular-gran\">COJINES <br>CREATIVOS <br>Y SOSTENIBLES<br><\/p>\n<\/div><\/div><\/div>\n\n\n\n<div class=\"wp-block-deseic-franja-foto mod_franja_simple centra_vertical bg_imatge text-blanc alt-complert\" style=\"background-image:url(https:\/\/deseic.com\/wp-content\/uploads\/2023\/11\/Deseic-Coixi-rosa-textura-02.jpg)\"><div class=\"wrapper\"><div class=\"maq-contenidor\"><h2 class=\"com_titular_2\"><span><\/span><\/h2><\/div><\/div><\/div>\n\n\n\n<div class=\"wp-block-deseic-franja-color mod_franja_simple bg_color alt-auto centra_vertical\"><div class=\"wrapper\"><div class=\"maq-contenidor\">\n<div class=\"wp-block-columns is-layout-flex wp-container-core-columns-is-layout-9d6595d7 wp-block-columns-is-layout-flex\">\n<div class=\"wp-block-column is-layout-flow wp-block-column-is-layout-flow\">\n<p class=\"is-style-deseic-titular-mig\">DIFERENTES, SOSTENIBLES <br>Y \u00daNICOS.<br>NO ENCONTRARAS<br>DOS IGUALES.<\/p>\n<\/div>\n\n\n\n<div class=\"wp-block-column is-layout-flow wp-block-column-is-layout-flow\">\n<p>Nuestros cojines son de fabricaci\u00f3n propia. Dise\u00f1ados y fabricados en la comarca de la Anoia.<\/p>\n\n\n\n<p>Su proceso es una secuencia completa de procesos artesanales basados en elementos y productos naturales. Cada coj\u00edn es \u00fanico, fabricado en telas naturales, su estampado es realizado mediante estampaci\u00f3n bot\u00e1nica, t\u00e9cnica que utiliza los pigmentos naturales de las hojas y flores para estampar tejidos.<\/p>\n\n\n\n<p>No convertirlos en polvos ni combin\u00e1ndolos con aglutinantes ni espesadores sino aplicando estas partes de las plantas directamente sobre la tela, de forma que las hojas, flores, se dibujen sobre ella.<\/p>\n\n\n\n<p>Cada coj\u00edn es diferente, porque cada hoja de la naturaleza es diferente. El proceso de cada coj\u00edn es largo y artesanal basado solo en sustancias naturales, no contaminantes ni perjudiciales para la salud.<\/p>\n\n\n\n<p>Cada tejido y cada hoja se comportan diferente, pudiendo conseguir unos resultados sorprendentes.<\/p>\n\n\n\n<p>El relleno del coj\u00edn es de algod\u00f3n reciclado (de origen 100% europeo), escapamos de productos pl\u00e1sticos y damos un car\u00e1cter \u00fanico a cada coj\u00edn.<\/p>\n<\/div>\n<\/div>\n<\/div><\/div><\/div>\n\n\n\n<div class=\"wp-block-deseic-destaca-categories mod_relacionats blanc\"><div class=\"maq-contenidor\"><h2 class=\"com_titular_2\"><span>CATEGOR\u00cdAS <br>DE <br>PRODUCTOS<\/span><\/h2><\/div><div class=\"shortcode_sel_items_wrapper\"><div class=\"slider\">\n<div class=\"item\"><a href=\"https:\/\/deseic.com\/es\/categoria-producte\/armarios\/\" class=\"img-cont\">\n<img loading=\"lazy\" decoding=\"async\" width=\"600\" height=\"600\" src=\"https:\/\/deseic.com\/wp-content\/uploads\/2023\/08\/3204720ARMARI20RUSTICO20WHYTE201-600x600.jpg\" class=\"attachment-deseic-quadrat-gran size-deseic-quadrat-gran\" alt=\"\" srcset=\"https:\/\/deseic.com\/wp-content\/uploads\/2023\/08\/3204720ARMARI20RUSTICO20WHYTE201-600x600.jpg 600w, https:\/\/deseic.com\/wp-content\/uploads\/2023\/08\/3204720ARMARI20RUSTICO20WHYTE201-scaled-300x300.jpg 300w, https:\/\/deseic.com\/wp-content\/uploads\/2023\/08\/3204720ARMARI20RUSTICO20WHYTE201-scaled-100x100.jpg 100w, https:\/\/deseic.com\/wp-content\/uploads\/2023\/08\/3204720ARMARI20RUSTICO20WHYTE201-150x150.jpg 150w\" sizes=\"auto, (max-width: 600px) 100vw, 600px\" \/><\/a>\n<a href=\"https:\/\/deseic.com\/es\/categoria-producte\/armarios\/\" class=\"text-cont\">\n<p class=\"nom\">Armarios<\/p><\/a><\/div>\n<div class=\"item\"><a href=\"https:\/\/deseic.com\/es\/categoria-producte\/banquetas\/\" class=\"img-cont\">\n<img loading=\"lazy\" decoding=\"async\" width=\"600\" height=\"600\" src=\"https:\/\/deseic.com\/wp-content\/uploads\/2023\/09\/32080-banqueta-tropical-1-600x600.jpg\" class=\"attachment-deseic-quadrat-gran size-deseic-quadrat-gran\" alt=\"\" srcset=\"https:\/\/deseic.com\/wp-content\/uploads\/2023\/09\/32080-banqueta-tropical-1-600x600.jpg 600w, https:\/\/deseic.com\/wp-content\/uploads\/2023\/09\/32080-banqueta-tropical-1-300x300.jpg 300w, https:\/\/deseic.com\/wp-content\/uploads\/2023\/09\/32080-banqueta-tropical-1-100x100.jpg 100w, https:\/\/deseic.com\/wp-content\/uploads\/2023\/09\/32080-banqueta-tropical-1-150x150.jpg 150w\" sizes=\"auto, (max-width: 600px) 100vw, 600px\" \/><\/a>\n<a href=\"https:\/\/deseic.com\/es\/categoria-producte\/banquetas\/\" class=\"text-cont\">\n<p class=\"nom\">Banquetas<\/p><\/a><\/div>\n<div class=\"item\"><a href=\"https:\/\/deseic.com\/es\/categoria-producte\/bufets-es\/\" class=\"img-cont\">\n<img loading=\"lazy\" decoding=\"async\" width=\"600\" height=\"600\" src=\"https:\/\/deseic.com\/wp-content\/uploads\/2023\/09\/32161-bufet-britania-1-600x600.jpg\" class=\"attachment-deseic-quadrat-gran size-deseic-quadrat-gran\" alt=\"\" srcset=\"https:\/\/deseic.com\/wp-content\/uploads\/2023\/09\/32161-bufet-britania-1-600x600.jpg 600w, https:\/\/deseic.com\/wp-content\/uploads\/2023\/09\/32161-bufet-britania-1-300x300.jpg 300w, https:\/\/deseic.com\/wp-content\/uploads\/2023\/09\/32161-bufet-britania-1-100x100.jpg 100w, https:\/\/deseic.com\/wp-content\/uploads\/2023\/09\/32161-bufet-britania-1-150x150.jpg 150w\" sizes=\"auto, (max-width: 600px) 100vw, 600px\" \/><\/a>\n<a href=\"https:\/\/deseic.com\/es\/categoria-producte\/bufets-es\/\" class=\"text-cont\">\n<p class=\"nom\">Bufets<\/p><\/a><\/div>\n<div class=\"item\"><a href=\"https:\/\/deseic.com\/es\/categoria-producte\/cabezal\/\" class=\"img-cont\">\n<img loading=\"lazy\" decoding=\"async\" width=\"600\" height=\"600\" src=\"https:\/\/deseic.com\/wp-content\/uploads\/2023\/09\/32074-capcal-lli-6-600x600.jpg\" class=\"attachment-deseic-quadrat-gran size-deseic-quadrat-gran\" alt=\"\" srcset=\"https:\/\/deseic.com\/wp-content\/uploads\/2023\/09\/32074-capcal-lli-6-600x600.jpg 600w, https:\/\/deseic.com\/wp-content\/uploads\/2023\/09\/32074-capcal-lli-6-300x300.jpg 300w, https:\/\/deseic.com\/wp-content\/uploads\/2023\/09\/32074-capcal-lli-6-100x100.jpg 100w, https:\/\/deseic.com\/wp-content\/uploads\/2023\/09\/32074-capcal-lli-6-150x150.jpg 150w\" sizes=\"auto, (max-width: 600px) 100vw, 600px\" \/><\/a>\n<a href=\"https:\/\/deseic.com\/es\/categoria-producte\/cabezal\/\" class=\"text-cont\">\n<p class=\"nom\">Cabezales<\/p><\/a><\/div>\n<div class=\"item\"><a href=\"https:\/\/deseic.com\/es\/categoria-producte\/cajoneras\/\" class=\"img-cont\">\n<img loading=\"lazy\" decoding=\"async\" width=\"600\" height=\"600\" src=\"https:\/\/deseic.com\/wp-content\/uploads\/2023\/09\/32035-arxivador-holmes-1-600x600.jpg\" class=\"attachment-deseic-quadrat-gran size-deseic-quadrat-gran\" alt=\"\" srcset=\"https:\/\/deseic.com\/wp-content\/uploads\/2023\/09\/32035-arxivador-holmes-1-600x600.jpg 600w, https:\/\/deseic.com\/wp-content\/uploads\/2023\/09\/32035-arxivador-holmes-1-300x300.jpg 300w, https:\/\/deseic.com\/wp-content\/uploads\/2023\/09\/32035-arxivador-holmes-1-100x100.jpg 100w, https:\/\/deseic.com\/wp-content\/uploads\/2023\/09\/32035-arxivador-holmes-1-150x150.jpg 150w\" sizes=\"auto, (max-width: 600px) 100vw, 600px\" \/><\/a>\n<a href=\"https:\/\/deseic.com\/es\/categoria-producte\/cajoneras\/\" class=\"text-cont\">\n<p class=\"nom\">Cajoneras<\/p><\/a><\/div>\n<div class=\"item\"><a href=\"https:\/\/deseic.com\/es\/categoria-producte\/colgadores\/\" class=\"img-cont\">\n<img loading=\"lazy\" decoding=\"async\" width=\"600\" height=\"600\" src=\"https:\/\/deseic.com\/wp-content\/uploads\/2023\/09\/32088-penjador-tunet-3-600x600.jpg\" class=\"attachment-deseic-quadrat-gran size-deseic-quadrat-gran\" alt=\"\" srcset=\"https:\/\/deseic.com\/wp-content\/uploads\/2023\/09\/32088-penjador-tunet-3-600x600.jpg 600w, https:\/\/deseic.com\/wp-content\/uploads\/2023\/09\/32088-penjador-tunet-3-300x300.jpg 300w, https:\/\/deseic.com\/wp-content\/uploads\/2023\/09\/32088-penjador-tunet-3-100x100.jpg 100w, https:\/\/deseic.com\/wp-content\/uploads\/2023\/09\/32088-penjador-tunet-3-150x150.jpg 150w\" sizes=\"auto, (max-width: 600px) 100vw, 600px\" \/><\/a>\n<a href=\"https:\/\/deseic.com\/es\/categoria-producte\/colgadores\/\" class=\"text-cont\">\n<p class=\"nom\">Colgadores<\/p><\/a><\/div>\n<div class=\"item\"><a href=\"https:\/\/deseic.com\/es\/categoria-producte\/comodas\/\" class=\"img-cont\">\n<img loading=\"lazy\" decoding=\"async\" width=\"600\" height=\"600\" src=\"https:\/\/deseic.com\/wp-content\/uploads\/2023\/09\/32042-comoda-fumarola-1-600x600.jpg\" class=\"attachment-deseic-quadrat-gran size-deseic-quadrat-gran\" alt=\"\" srcset=\"https:\/\/deseic.com\/wp-content\/uploads\/2023\/09\/32042-comoda-fumarola-1-600x600.jpg 600w, https:\/\/deseic.com\/wp-content\/uploads\/2023\/09\/32042-comoda-fumarola-1-300x300.jpg 300w, https:\/\/deseic.com\/wp-content\/uploads\/2023\/09\/32042-comoda-fumarola-1-100x100.jpg 100w, https:\/\/deseic.com\/wp-content\/uploads\/2023\/09\/32042-comoda-fumarola-1-150x150.jpg 150w\" sizes=\"auto, (max-width: 600px) 100vw, 600px\" \/><\/a>\n<a href=\"https:\/\/deseic.com\/es\/categoria-producte\/comodas\/\" class=\"text-cont\">\n<p class=\"nom\">C\u00f3modas<\/p><\/a><\/div>\n<div class=\"item\"><a href=\"https:\/\/deseic.com\/es\/categoria-producte\/deco-es\/\" class=\"img-cont\">\n<img loading=\"lazy\" decoding=\"async\" width=\"600\" height=\"600\" src=\"https:\/\/deseic.com\/wp-content\/uploads\/2023\/09\/32092-deco-aqua-5-600x600.jpg\" class=\"attachment-deseic-quadrat-gran size-deseic-quadrat-gran\" alt=\"\" srcset=\"https:\/\/deseic.com\/wp-content\/uploads\/2023\/09\/32092-deco-aqua-5-600x600.jpg 600w, https:\/\/deseic.com\/wp-content\/uploads\/2023\/09\/32092-deco-aqua-5-300x300.jpg 300w, https:\/\/deseic.com\/wp-content\/uploads\/2023\/09\/32092-deco-aqua-5-100x100.jpg 100w, https:\/\/deseic.com\/wp-content\/uploads\/2023\/09\/32092-deco-aqua-5-150x150.jpg 150w\" sizes=\"auto, (max-width: 600px) 100vw, 600px\" \/><\/a>\n<a href=\"https:\/\/deseic.com\/es\/categoria-producte\/deco-es\/\" class=\"text-cont\">\n<p class=\"nom\">Deco<\/p><\/a><\/div>\n<div class=\"item\"><a href=\"https:\/\/deseic.com\/es\/categoria-producte\/espejos\/\" class=\"img-cont\">\n<img loading=\"lazy\" decoding=\"async\" width=\"600\" height=\"600\" src=\"https:\/\/deseic.com\/wp-content\/uploads\/2023\/09\/32171-mirall-azzurro-6-600x600.jpg\" class=\"attachment-deseic-quadrat-gran size-deseic-quadrat-gran\" alt=\"\" srcset=\"https:\/\/deseic.com\/wp-content\/uploads\/2023\/09\/32171-mirall-azzurro-6-600x600.jpg 600w, https:\/\/deseic.com\/wp-content\/uploads\/2023\/09\/32171-mirall-azzurro-6-300x300.jpg 300w, https:\/\/deseic.com\/wp-content\/uploads\/2023\/09\/32171-mirall-azzurro-6-100x100.jpg 100w, https:\/\/deseic.com\/wp-content\/uploads\/2023\/09\/32171-mirall-azzurro-6-150x150.jpg 150w\" sizes=\"auto, (max-width: 600px) 100vw, 600px\" \/><\/a>\n<a href=\"https:\/\/deseic.com\/es\/categoria-producte\/espejos\/\" class=\"text-cont\">\n<p class=\"nom\">Espejos<\/p><\/a><\/div>\n<div class=\"item\"><a href=\"https:\/\/deseic.com\/es\/categoria-producte\/estanterias\/\" class=\"img-cont\">\n<img loading=\"lazy\" decoding=\"async\" width=\"600\" height=\"600\" src=\"https:\/\/deseic.com\/wp-content\/uploads\/2023\/09\/32168-hanging-flowers-1-600x600.jpg\" class=\"attachment-deseic-quadrat-gran size-deseic-quadrat-gran\" alt=\"\" srcset=\"https:\/\/deseic.com\/wp-content\/uploads\/2023\/09\/32168-hanging-flowers-1-600x600.jpg 600w, https:\/\/deseic.com\/wp-content\/uploads\/2023\/09\/32168-hanging-flowers-1-300x300.jpg 300w, https:\/\/deseic.com\/wp-content\/uploads\/2023\/09\/32168-hanging-flowers-1-100x100.jpg 100w, https:\/\/deseic.com\/wp-content\/uploads\/2023\/09\/32168-hanging-flowers-1-150x150.jpg 150w\" sizes=\"auto, (max-width: 600px) 100vw, 600px\" \/><\/a>\n<a href=\"https:\/\/deseic.com\/es\/categoria-producte\/estanterias\/\" class=\"text-cont\">\n<p class=\"nom\">Estanter\u00edas<\/p><\/a><\/div>\n<div class=\"item\"><a href=\"https:\/\/deseic.com\/es\/categoria-producte\/marcos\/\" class=\"img-cont\">\n<img loading=\"lazy\" decoding=\"async\" width=\"600\" height=\"600\" src=\"https:\/\/deseic.com\/wp-content\/uploads\/2023\/09\/32148-marc-sutileza-1-600x600.jpg\" class=\"attachment-deseic-quadrat-gran size-deseic-quadrat-gran\" alt=\"\" srcset=\"https:\/\/deseic.com\/wp-content\/uploads\/2023\/09\/32148-marc-sutileza-1-600x600.jpg 600w, https:\/\/deseic.com\/wp-content\/uploads\/2023\/09\/32148-marc-sutileza-1-300x300.jpg 300w, https:\/\/deseic.com\/wp-content\/uploads\/2023\/09\/32148-marc-sutileza-1-100x100.jpg 100w, https:\/\/deseic.com\/wp-content\/uploads\/2023\/09\/32148-marc-sutileza-1-150x150.jpg 150w\" sizes=\"auto, (max-width: 600px) 100vw, 600px\" \/><\/a>\n<a href=\"https:\/\/deseic.com\/es\/categoria-producte\/marcos\/\" class=\"text-cont\">\n<p class=\"nom\">Marcos<\/p><\/a><\/div>\n<div class=\"item\"><a href=\"https:\/\/deseic.com\/es\/categoria-producte\/mesas\/\" class=\"img-cont\">\n<img loading=\"lazy\" decoding=\"async\" width=\"600\" height=\"600\" src=\"https:\/\/deseic.com\/wp-content\/uploads\/2023\/09\/32090-taula-barroco-7-600x600.jpg\" class=\"attachment-deseic-quadrat-gran size-deseic-quadrat-gran\" alt=\"\" srcset=\"https:\/\/deseic.com\/wp-content\/uploads\/2023\/09\/32090-taula-barroco-7-600x600.jpg 600w, https:\/\/deseic.com\/wp-content\/uploads\/2023\/09\/32090-taula-barroco-7-300x300.jpg 300w, https:\/\/deseic.com\/wp-content\/uploads\/2023\/09\/32090-taula-barroco-7-100x100.jpg 100w, https:\/\/deseic.com\/wp-content\/uploads\/2023\/09\/32090-taula-barroco-7-150x150.jpg 150w\" sizes=\"auto, (max-width: 600px) 100vw, 600px\" \/><\/a>\n<a href=\"https:\/\/deseic.com\/es\/categoria-producte\/mesas\/\" class=\"text-cont\">\n<p class=\"nom\">Mesas<\/p><\/a><\/div>\n<div class=\"item\"><a href=\"https:\/\/deseic.com\/es\/categoria-producte\/sillas\/\" class=\"img-cont\">\n<img loading=\"lazy\" decoding=\"async\" width=\"600\" height=\"600\" src=\"https:\/\/deseic.com\/wp-content\/uploads\/2023\/09\/32009-cadira-vintage-1-600x600.jpg\" class=\"attachment-deseic-quadrat-gran size-deseic-quadrat-gran\" alt=\"\" srcset=\"https:\/\/deseic.com\/wp-content\/uploads\/2023\/09\/32009-cadira-vintage-1-600x600.jpg 600w, https:\/\/deseic.com\/wp-content\/uploads\/2023\/09\/32009-cadira-vintage-1-300x300.jpg 300w, https:\/\/deseic.com\/wp-content\/uploads\/2023\/09\/32009-cadira-vintage-1-100x100.jpg 100w, https:\/\/deseic.com\/wp-content\/uploads\/2023\/09\/32009-cadira-vintage-1-150x150.jpg 150w\" sizes=\"auto, (max-width: 600px) 100vw, 600px\" \/><\/a>\n<a href=\"https:\/\/deseic.com\/es\/categoria-producte\/sillas\/\" class=\"text-cont\">\n<p class=\"nom\">Sillas<\/p><\/a><\/div>\n<div class=\"item\"><a href=\"https:\/\/deseic.com\/es\/categoria-producte\/sofas-es\/\" class=\"img-cont\">\n<img loading=\"lazy\" decoding=\"async\" width=\"600\" height=\"600\" src=\"https:\/\/deseic.com\/wp-content\/uploads\/2023\/09\/32075-canape-masai-1-600x600.jpg\" class=\"attachment-deseic-quadrat-gran size-deseic-quadrat-gran\" alt=\"\" srcset=\"https:\/\/deseic.com\/wp-content\/uploads\/2023\/09\/32075-canape-masai-1-600x600.jpg 600w, https:\/\/deseic.com\/wp-content\/uploads\/2023\/09\/32075-canape-masai-1-300x300.jpg 300w, https:\/\/deseic.com\/wp-content\/uploads\/2023\/09\/32075-canape-masai-1-100x100.jpg 100w, https:\/\/deseic.com\/wp-content\/uploads\/2023\/09\/32075-canape-masai-1-150x150.jpg 150w\" sizes=\"auto, (max-width: 600px) 100vw, 600px\" \/><\/a>\n<a href=\"https:\/\/deseic.com\/es\/categoria-producte\/sofas-es\/\" class=\"text-cont\">\n<p class=\"nom\">Sof\u00e1s<\/p><\/a><\/div>\n<div class=\"item\"><a href=\"https:\/\/deseic.com\/es\/categoria-producte\/taburetes\/\" class=\"img-cont\">\n<img loading=\"lazy\" decoding=\"async\" width=\"600\" height=\"600\" src=\"https:\/\/deseic.com\/wp-content\/uploads\/2023\/09\/32062-63-tamborets-atril-2-600x600.jpg\" class=\"attachment-deseic-quadrat-gran size-deseic-quadrat-gran\" alt=\"\" srcset=\"https:\/\/deseic.com\/wp-content\/uploads\/2023\/09\/32062-63-tamborets-atril-2-600x600.jpg 600w, https:\/\/deseic.com\/wp-content\/uploads\/2023\/09\/32062-63-tamborets-atril-2-300x300.jpg 300w, https:\/\/deseic.com\/wp-content\/uploads\/2023\/09\/32062-63-tamborets-atril-2-100x100.jpg 100w, https:\/\/deseic.com\/wp-content\/uploads\/2023\/09\/32062-63-tamborets-atril-2-150x150.jpg 150w\" sizes=\"auto, (max-width: 600px) 100vw, 600px\" \/><\/a>\n<a href=\"https:\/\/deseic.com\/es\/categoria-producte\/taburetes\/\" class=\"text-cont\">\n<p class=\"nom\">Taburetes<\/p><\/a><\/div>\n<div class=\"item\"><a href=\"https:\/\/deseic.com\/es\/categoria-producte\/tocadores\/\" class=\"img-cont\">\n<img loading=\"lazy\" decoding=\"async\" width=\"600\" height=\"600\" src=\"https:\/\/deseic.com\/wp-content\/uploads\/2023\/09\/32051-tocador-classic-linen-1-600x600.jpg\" class=\"attachment-deseic-quadrat-gran size-deseic-quadrat-gran\" alt=\"\" srcset=\"https:\/\/deseic.com\/wp-content\/uploads\/2023\/09\/32051-tocador-classic-linen-1-600x600.jpg 600w, https:\/\/deseic.com\/wp-content\/uploads\/2023\/09\/32051-tocador-classic-linen-1-300x300.jpg 300w, https:\/\/deseic.com\/wp-content\/uploads\/2023\/09\/32051-tocador-classic-linen-1-100x100.jpg 100w, https:\/\/deseic.com\/wp-content\/uploads\/2023\/09\/32051-tocador-classic-linen-1-150x150.jpg 150w\" sizes=\"auto, (max-width: 600px) 100vw, 600px\" \/><\/a>\n<a href=\"https:\/\/deseic.com\/es\/categoria-producte\/tocadores\/\" class=\"text-cont\">\n<p class=\"nom\">Tocadores<\/p><\/a><\/div>\n<div class=\"item\"><a href=\"https:\/\/deseic.com\/es\/categoria-producte\/vitrinas\/\" class=\"img-cont\">\n<img loading=\"lazy\" decoding=\"async\" width=\"600\" height=\"600\" src=\"https:\/\/deseic.com\/wp-content\/uploads\/2023\/09\/32030-vitrina-yellow-5-600x600.jpg\" class=\"attachment-deseic-quadrat-gran size-deseic-quadrat-gran\" alt=\"\" srcset=\"https:\/\/deseic.com\/wp-content\/uploads\/2023\/09\/32030-vitrina-yellow-5-600x600.jpg 600w, https:\/\/deseic.com\/wp-content\/uploads\/2023\/09\/32030-vitrina-yellow-5-300x300.jpg 300w, https:\/\/deseic.com\/wp-content\/uploads\/2023\/09\/32030-vitrina-yellow-5-100x100.jpg 100w, https:\/\/deseic.com\/wp-content\/uploads\/2023\/09\/32030-vitrina-yellow-5-150x150.jpg 150w\" sizes=\"auto, (max-width: 600px) 100vw, 600px\" \/><\/a>\n<a href=\"https:\/\/deseic.com\/es\/categoria-producte\/vitrinas\/\" class=\"text-cont\">\n<p class=\"nom\">Vitrinas<\/p><\/a><\/div>\n\n<\/div><\/div><\/div>\n","protected":false},"excerpt":{"rendered":"","protected":false},"author":1,"featured_media":0,"parent":0,"menu_order":0,"comment_status":"closed","ping_status":"closed","template":"amb-color.php","meta":{"footnotes":""},"class_list":["post-4199","page","type-page","status-publish","hentry"],"_links":{"self":[{"href":"https:\/\/deseic.com\/es\/wp-json\/wp\/v2\/pages\/4199","targetHints":{"allow":["GET"]}}],"collection":[{"href":"https:\/\/deseic.com\/es\/wp-json\/wp\/v2\/pages"}],"about":[{"href":"https:\/\/deseic.com\/es\/wp-json\/wp\/v2\/types\/page"}],"author":[{"embeddable":true,"href":"https:\/\/deseic.com\/es\/wp-json\/wp\/v2\/users\/1"}],"replies":[{"embeddable":true,"href":"https:\/\/deseic.com\/es\/wp-json\/wp\/v2\/comments?post=4199"}],"version-history":[{"count":8,"href":"https:\/\/deseic.com\/es\/wp-json\/wp\/v2\/pages\/4199\/revisions"}],"predecessor-version":[{"id":4467,"href":"https:\/\/deseic.com\/es\/wp-json\/wp\/v2\/pages\/4199\/revisions\/4467"}],"wp:attachment":[{"href":"https:\/\/deseic.com\/es\/wp-json\/wp\/v2\/media?parent=4199"}],"curies":[{"name":"wp","href":"https:\/\/api.w.org\/{rel}","templated":true}]}}