{"id":4399,"date":"2023-11-07T20:52:47","date_gmt":"2023-11-07T18:52:47","guid":{"rendered":"https:\/\/deseic.com\/reemborsaments_devolucions\/"},"modified":"2023-11-20T14:13:38","modified_gmt":"2023-11-20T12:13:38","slug":"politica-de-envios-y-condiciones","status":"publish","type":"page","link":"https:\/\/deseic.com\/es\/politica-de-envios-y-condiciones\/","title":{"rendered":"Pol\u00edtica de env\u00edos y condiciones"},"content":{"rendered":"\n<div style=\"height:100px\" aria-hidden=\"true\" class=\"wp-block-spacer\"><\/div>\n\n\n\n<p class=\"is-style-deseic-titular-mig has-huge-font-size\"><strong>POL\u00cdTICA DE ENV\u00cdOS Y CONDICIONES<\/strong><\/p>\n\n\n\n<div style=\"height:100px\" aria-hidden=\"true\" class=\"wp-block-spacer\"><\/div>\n\n\n\n<div class=\"wp-block-columns is-layout-flex wp-container-core-columns-is-layout-9d6595d7 wp-block-columns-is-layout-flex\">\n<div class=\"wp-block-column is-layout-flow wp-block-column-is-layout-flow\">\n<h3 class=\"wp-block-heading has-text-align-left is-style-deseic-titular-mig has-large-font-size\" id=\"h-ley-de-los-servicios-de-la-sociedad-de-la-informacion-lssi\">Precios<\/h3>\n\n\n\n<p>Todos los precios de la web son con el IVA incluido.<\/p>\n\n\n\n<p class=\"is-style-deseic-titular-mig has-large-font-size\">Transporte<\/p>\n\n\n\n<p>El transporte no est\u00e1 incluido en la compra de todos nuestros muebles. El comprador puede gestionarse el transporte por cuenta propia con recogida en nuestro showroom. Deseic podemos gestionar con nuestro transporte cargando a factura el gasto del mismo.<\/p>\n\n\n\n<p class=\"is-style-deseic-titular-mig has-large-font-size\">Forma de pago<\/p>\n\n\n\n<p>Todas las compras pueden ser abonadas en efectivo, tarjeta de d\u00e9bito, tarjeta de cr\u00e9dito, y mediante transferencia bancaria.<\/p>\n<\/div>\n\n\n\n<div class=\"wp-block-column is-layout-flow wp-block-column-is-layout-flow\">\n<p class=\"is-style-deseic-titular-mig has-large-font-size\">Reembolsos<\/p>\n\n\n\n<p>Una vez recibida e inspeccionada su devoluci\u00f3n, le enviaremos un correo electr\u00f3nico para notificarle que hemos recibido el art\u00edculo devuelto. Tambi\u00e9n le notificaremos la aprobaci\u00f3n o el rechazo de su reembolso.<\/p>\n\n\n\n<p>Para devolver su producto, debe enviar su producto a&nbsp;DESEIC.<\/p>\n\n\n\n<p>Ser\u00e1s responsable de pagar tus propios gastos de env\u00edo para devolver tu art\u00edculo. Los gastos de env\u00edo no son reembolsables. Si recibe un reembolso, el coste del env\u00edo de devoluci\u00f3n se descontar\u00e1 de su reembolso.<\/p>\n\n\n\n<p>Dependiendo del lugar donde viva, el tiempo que puede tardar en llegar a su producto intercambiado puede variar.<\/p>\n\n\n\n<p class=\"is-style-deseic-titular-mig has-large-font-size\">\u00bfNecesitas ayuda?<\/p>\n\n\n\n<p>Contacte con nosotros en <a href=\"mailto:ventas@matexiberica.com\">info@deseic.com<\/a> para preguntas relacionadas con reembolsos y devoluciones.<\/p>\n<\/div>\n<\/div>\n\n\n\n<div style=\"height:100px\" aria-hidden=\"true\" class=\"wp-block-spacer\"><\/div>\n\n\n\n<div class=\"wp-block-deseic-franja-foto mod_franja_simple centra_vertical bg_imatge text-blanc alt-complert\" style=\"background-image:url(https:\/\/deseic.com\/wp-content\/uploads\/2023\/08\/HOME-32030-vitrina.jpg)\"><div class=\"wrapper\"><div class=\"maq-contenidor\"><h2 class=\"com_titular_2\"><span><\/span><\/h2><\/div><\/div><\/div>\n","protected":false},"excerpt":{"rendered":"<p>POL\u00cdTICA DE ENV\u00cdOS Y CONDICIONES Precios Todos los precios de la web son con el IVA incluido. Transporte El transporte no est\u00e1 incluido en la compra de todos nuestros muebles. El comprador puede gestionarse el transporte por cuenta propia con recogida en nuestro showroom. Deseic podemos gestionar con nuestro transporte cargando a factura el gasto [&hellip;]<\/p>\n","protected":false},"author":1,"featured_media":0,"parent":0,"menu_order":0,"comment_status":"closed","ping_status":"closed","template":"","meta":{"footnotes":""},"class_list":["post-4399","page","type-page","status-publish","hentry"],"_links":{"self":[{"href":"https:\/\/deseic.com\/es\/wp-json\/wp\/v2\/pages\/4399","targetHints":{"allow":["GET"]}}],"collection":[{"href":"https:\/\/deseic.com\/es\/wp-json\/wp\/v2\/pages"}],"about":[{"href":"https:\/\/deseic.com\/es\/wp-json\/wp\/v2\/types\/page"}],"author":[{"embeddable":true,"href":"https:\/\/deseic.com\/es\/wp-json\/wp\/v2\/users\/1"}],"replies":[{"embeddable":true,"href":"https:\/\/deseic.com\/es\/wp-json\/wp\/v2\/comments?post=4399"}],"version-history":[{"count":4,"href":"https:\/\/deseic.com\/es\/wp-json\/wp\/v2\/pages\/4399\/revisions"}],"predecessor-version":[{"id":4452,"href":"https:\/\/deseic.com\/es\/wp-json\/wp\/v2\/pages\/4399\/revisions\/4452"}],"wp:attachment":[{"href":"https:\/\/deseic.com\/es\/wp-json\/wp\/v2\/media?parent=4399"}],"curies":[{"name":"wp","href":"https:\/\/api.w.org\/{rel}","templated":true}]}}