{"id":4736,"date":"2023-11-24T11:34:14","date_gmt":"2023-11-24T10:34:14","guid":{"rendered":"https:\/\/deseic.com\/producte\/taupe-buffet\/"},"modified":"2023-12-13T19:08:08","modified_gmt":"2023-12-13T17:08:08","slug":"buffet-taupe","status":"publish","type":"product","link":"https:\/\/deseic.com\/es\/producte\/buffet-taupe\/","title":{"rendered":"Buffet Taup\u00e9"},"content":{"rendered":"","protected":false},"excerpt":{"rendered":"<p><span data-sheets-root=\"1\" data-sheets-value=\"{&quot;1&quot;:2,&quot;2&quot;:&quot;Buffet estilo cl\u00e1sico en color lino y p\u00e1tina en cera de color taup\u00e9.\\nTiradores originales de la pieza.\\nSobre acabado en decap\u00e9 de color gris y blanco con barniz de alta resistencia.&quot;}\" data-sheets-userformat=\"{&quot;2&quot;:14847,&quot;3&quot;:{&quot;1&quot;:0,&quot;3&quot;:1},&quot;4&quot;:{&quot;1&quot;:2,&quot;2&quot;:15915995},&quot;5&quot;:{&quot;1&quot;:[{&quot;1&quot;:2,&quot;2&quot;:0,&quot;5&quot;:{&quot;1&quot;:0}},{&quot;1&quot;:0,&quot;2&quot;:0,&quot;3&quot;:3},{&quot;1&quot;:1,&quot;2&quot;:0,&quot;4&quot;:1}]},&quot;6&quot;:{&quot;1&quot;:[{&quot;1&quot;:2,&quot;2&quot;:0,&quot;5&quot;:{&quot;1&quot;:0}},{&quot;1&quot;:0,&quot;2&quot;:0,&quot;3&quot;:3},{&quot;1&quot;:1,&quot;2&quot;:0,&quot;4&quot;:1}]},&quot;7&quot;:{&quot;1&quot;:[{&quot;1&quot;:2,&quot;2&quot;:0,&quot;5&quot;:{&quot;1&quot;:0}},{&quot;1&quot;:0,&quot;2&quot;:0,&quot;3&quot;:3},{&quot;1&quot;:1,&quot;2&quot;:0,&quot;4&quot;:1}]},&quot;8&quot;:{&quot;1&quot;:[{&quot;1&quot;:2,&quot;2&quot;:0,&quot;5&quot;:{&quot;1&quot;:0}},{&quot;1&quot;:0,&quot;2&quot;:0,&quot;3&quot;:3},{&quot;1&quot;:1,&quot;2&quot;:0,&quot;4&quot;:1}]},&quot;9&quot;:0,&quot;10&quot;:1,&quot;11&quot;:4,&quot;14&quot;:{&quot;1&quot;:2,&quot;2&quot;:0},&quot;15&quot;:&quot;Arial&quot;,&quot;16&quot;:10}\">Buffet estilo cl\u00e1sico en color lino y p\u00e1tina en cera de color taup\u00e9.<br \/>\nTiradores originales de la pieza.<br \/>\nSobre acabado en decap\u00e9 de color gris y blanco con barniz de alta resistencia.<\/span><\/p>\n","protected":false},"featured_media":4517,"comment_status":"open","ping_status":"closed","template":"","meta":[],"product_cat":[98],"product_tag":[],"class_list":{"0":"post-4736","1":"product","2":"type-product","3":"status-publish","4":"has-post-thumbnail","6":"product_cat-bufets-es","8":"first","9":"instock","10":"shipping-taxable","11":"purchasable","12":"product-type-simple"},"_links":{"self":[{"href":"https:\/\/deseic.com\/es\/wp-json\/wp\/v2\/product\/4736","targetHints":{"allow":["GET"]}}],"collection":[{"href":"https:\/\/deseic.com\/es\/wp-json\/wp\/v2\/product"}],"about":[{"href":"https:\/\/deseic.com\/es\/wp-json\/wp\/v2\/types\/product"}],"replies":[{"embeddable":true,"href":"https:\/\/deseic.com\/es\/wp-json\/wp\/v2\/comments?post=4736"}],"wp:featuredmedia":[{"embeddable":true,"href":"https:\/\/deseic.com\/es\/wp-json\/wp\/v2\/media\/4517"}],"wp:attachment":[{"href":"https:\/\/deseic.com\/es\/wp-json\/wp\/v2\/media?parent=4736"}],"wp:term":[{"taxonomy":"product_cat","embeddable":true,"href":"https:\/\/deseic.com\/es\/wp-json\/wp\/v2\/product_cat?post=4736"},{"taxonomy":"product_tag","embeddable":true,"href":"https:\/\/deseic.com\/es\/wp-json\/wp\/v2\/product_tag?post=4736"}],"curies":[{"name":"wp","href":"https:\/\/api.w.org\/{rel}","templated":true}]}}