{"id":4911,"date":"2024-02-20T18:35:16","date_gmt":"2024-02-20T17:35:16","guid":{"rendered":"https:\/\/deseic.com\/producte\/sofa-classic-lli\/"},"modified":"2024-03-29T17:12:42","modified_gmt":"2024-03-29T16:12:42","slug":"sofa-classic-lli","status":"publish","type":"product","link":"https:\/\/deseic.com\/es\/producte\/sofa-classic-lli\/","title":{"rendered":"SOF\u00c1 CL\u00c1SICO LL\u00cd"},"content":{"rendered":"","protected":false},"excerpt":{"rendered":"<p>Sof\u00e1 cl\u00e1sico, con posibilidad de conjuntarlo con dos butacas.<br \/>\nMadera maciza de nogal.<br \/>\nBarnizadas en mate y pintadas en blanco roto.<br \/>\nLa tapicer\u00eda es de lino natural de Antonio Ferr\u00e9.<\/p>\n","protected":false},"featured_media":4906,"comment_status":"open","ping_status":"closed","template":"","meta":[],"product_cat":[88],"product_tag":[],"class_list":{"0":"post-4911","1":"product","2":"type-product","3":"status-publish","4":"has-post-thumbnail","6":"product_cat-sofas-es","8":"first","9":"instock","10":"shipping-taxable","11":"purchasable","12":"product-type-simple"},"_links":{"self":[{"href":"https:\/\/deseic.com\/es\/wp-json\/wp\/v2\/product\/4911","targetHints":{"allow":["GET"]}}],"collection":[{"href":"https:\/\/deseic.com\/es\/wp-json\/wp\/v2\/product"}],"about":[{"href":"https:\/\/deseic.com\/es\/wp-json\/wp\/v2\/types\/product"}],"replies":[{"embeddable":true,"href":"https:\/\/deseic.com\/es\/wp-json\/wp\/v2\/comments?post=4911"}],"wp:featuredmedia":[{"embeddable":true,"href":"https:\/\/deseic.com\/es\/wp-json\/wp\/v2\/media\/4906"}],"wp:attachment":[{"href":"https:\/\/deseic.com\/es\/wp-json\/wp\/v2\/media?parent=4911"}],"wp:term":[{"taxonomy":"product_cat","embeddable":true,"href":"https:\/\/deseic.com\/es\/wp-json\/wp\/v2\/product_cat?post=4911"},{"taxonomy":"product_tag","embeddable":true,"href":"https:\/\/deseic.com\/es\/wp-json\/wp\/v2\/product_tag?post=4911"}],"curies":[{"name":"wp","href":"https:\/\/api.w.org\/{rel}","templated":true}]}}