{"id":4941,"date":"2024-02-20T19:01:22","date_gmt":"2024-02-20T18:01:22","guid":{"rendered":"https:\/\/deseic.com\/producte\/butaca-classic-lli\/"},"modified":"2024-03-29T18:52:41","modified_gmt":"2024-03-29T17:52:41","slug":"butaca-classic-lli","status":"publish","type":"product","link":"https:\/\/deseic.com\/es\/producte\/butaca-classic-lli\/","title":{"rendered":"BUTACA CL\u00c1SICA LL\u00cd"},"content":{"rendered":"","protected":false},"excerpt":{"rendered":"<p>Butaca cl\u00e1sica con posibilidad de sof\u00e1 a conjunto.<br \/>\nMadera maciza de nogal.<br \/>\nBarnizada en mate y pintada en blanco roto.<br \/>\nTapicer\u00eda de lino natural de Antonio Ferr\u00e9.<\/p>\n","protected":false},"featured_media":4930,"comment_status":"open","ping_status":"closed","template":"","meta":[],"product_cat":[88],"product_tag":[],"class_list":{"0":"post-4941","1":"product","2":"type-product","3":"status-publish","4":"has-post-thumbnail","6":"product_cat-sofas-es","8":"first","9":"instock","10":"shipping-taxable","11":"purchasable","12":"product-type-simple"},"_links":{"self":[{"href":"https:\/\/deseic.com\/es\/wp-json\/wp\/v2\/product\/4941","targetHints":{"allow":["GET"]}}],"collection":[{"href":"https:\/\/deseic.com\/es\/wp-json\/wp\/v2\/product"}],"about":[{"href":"https:\/\/deseic.com\/es\/wp-json\/wp\/v2\/types\/product"}],"replies":[{"embeddable":true,"href":"https:\/\/deseic.com\/es\/wp-json\/wp\/v2\/comments?post=4941"}],"wp:featuredmedia":[{"embeddable":true,"href":"https:\/\/deseic.com\/es\/wp-json\/wp\/v2\/media\/4930"}],"wp:attachment":[{"href":"https:\/\/deseic.com\/es\/wp-json\/wp\/v2\/media?parent=4941"}],"wp:term":[{"taxonomy":"product_cat","embeddable":true,"href":"https:\/\/deseic.com\/es\/wp-json\/wp\/v2\/product_cat?post=4941"},{"taxonomy":"product_tag","embeddable":true,"href":"https:\/\/deseic.com\/es\/wp-json\/wp\/v2\/product_tag?post=4941"}],"curies":[{"name":"wp","href":"https:\/\/api.w.org\/{rel}","templated":true}]}}