{"id":4973,"date":"2024-02-20T19:28:13","date_gmt":"2024-02-20T18:28:13","guid":{"rendered":"https:\/\/deseic.com\/producte\/sofa-renaixentista\/"},"modified":"2024-02-20T19:45:42","modified_gmt":"2024-02-20T18:45:42","slug":"sofa-renaixentista","status":"publish","type":"product","link":"https:\/\/deseic.com\/es\/producte\/sofa-renaixentista\/","title":{"rendered":"SOF\u00c1 RENAIXENTISTA"},"content":{"rendered":"","protected":false},"excerpt":{"rendered":"<p>Sof\u00e1 cl\u00e1sico con patas torneadas.<br \/>\nImponente ornamento en su parte superior.<br \/>\nPintado en color blanco roto.<br \/>\nTapizado con lino natural de Antonio Ferre.<\/p>\n","protected":false},"featured_media":4960,"comment_status":"open","ping_status":"closed","template":"","meta":[],"product_cat":[88],"product_tag":[],"class_list":{"0":"post-4973","1":"product","2":"type-product","3":"status-publish","4":"has-post-thumbnail","6":"product_cat-sofas-es","8":"first","9":"instock","10":"shipping-taxable","11":"purchasable","12":"product-type-simple"},"_links":{"self":[{"href":"https:\/\/deseic.com\/es\/wp-json\/wp\/v2\/product\/4973","targetHints":{"allow":["GET"]}}],"collection":[{"href":"https:\/\/deseic.com\/es\/wp-json\/wp\/v2\/product"}],"about":[{"href":"https:\/\/deseic.com\/es\/wp-json\/wp\/v2\/types\/product"}],"replies":[{"embeddable":true,"href":"https:\/\/deseic.com\/es\/wp-json\/wp\/v2\/comments?post=4973"}],"wp:featuredmedia":[{"embeddable":true,"href":"https:\/\/deseic.com\/es\/wp-json\/wp\/v2\/media\/4960"}],"wp:attachment":[{"href":"https:\/\/deseic.com\/es\/wp-json\/wp\/v2\/media?parent=4973"}],"wp:term":[{"taxonomy":"product_cat","embeddable":true,"href":"https:\/\/deseic.com\/es\/wp-json\/wp\/v2\/product_cat?post=4973"},{"taxonomy":"product_tag","embeddable":true,"href":"https:\/\/deseic.com\/es\/wp-json\/wp\/v2\/product_tag?post=4973"}],"curies":[{"name":"wp","href":"https:\/\/api.w.org\/{rel}","templated":true}]}}